{"id":1079,"date":"2019-09-15T08:37:26","date_gmt":"2019-09-15T08:37:26","guid":{"rendered":"https:\/\/wpclinic.ch\/?page_id=1079"},"modified":"2019-10-23T10:46:07","modified_gmt":"2019-10-23T10:46:07","slug":"wordpress-gehackt","status":"publish","type":"page","link":"https:\/\/wpclinic.ch\/en-us\/wordpress-gehackt\/","title":{"rendered":"Ihre WordPress Webseite wurde gehackt?"},"content":{"rendered":"<p><div class=\"fusion-fullwidth fullwidth-box nonhundred-percent-fullwidth non-hundred-percent-height-scrolling\"  style='background-color: #505769;background-position: center center;background-repeat: no-repeat;padding-top:120px;padding-right:0px;padding-bottom:50px;padding-left:0px;border-top-width:0px;border-bottom-width:0px;border-color:#eae9e9;border-top-style:solid;border-bottom-style:solid;'><div class=\"fusion-builder-row fusion-row \"><div  class=\"fusion-layout-column fusion_builder_column fusion_builder_column_1_5 fusion-builder-column-1 fusion-one-fifth fusion-column-first fusion-column-no-min-height 1_5\"  style='margin-top:0px;margin-bottom:0px;width:16.8%; margin-right: 4%;'>\n\t\t\t\t\t<div class=\"fusion-column-wrapper\" style=\"padding: 0px 0px 0px 0px;background-position:left top;background-repeat:no-repeat;-webkit-background-size:cover;-moz-background-size:cover;-o-background-size:cover;background-size:cover;\"   data-bg-url=\"\">\n\t\t\t\t\t\t<div class=\"fusion-sep-clear\"><\/div><div class=\"fusion-separator fusion-full-width-sep sep-none\" style=\"margin-left: auto;margin-right: auto;margin-top:;\"><\/div><div class=\"fusion-clearfix\"><\/div>\n\n\t\t\t\t\t<\/div>\n\t\t\t\t<\/div><div  class=\"fusion-layout-column fusion_builder_column fusion_builder_column_3_5 fusion-builder-column-2 fusion-three-fifth fusion-column-no-min-height 3_5\"  style='margin-top:0px;margin-bottom:0px;width:58.4%; margin-right: 4%;'>\n\t\t\t\t\t<div class=\"fusion-column-wrapper\" style=\"padding: 0px 0px 0px 0px;background-position:left top;background-repeat:no-repeat;-webkit-background-size:cover;-moz-background-size:cover;-o-background-size:cover;background-size:cover;\"   data-bg-url=\"\">\n\t\t\t\t\t\t<div class=\"fusion-text\"><h2 style=\"text-align: center;\"><span style=\"color: #ffffff;\">Ihre WordPress Installation wurde gehackt?!<\/span><\/h2>\n<p style=\"text-align: center; font-size: 22px; line-height: 30px;\"><span style=\"color: #ffffff;\">Wir <strong>bereinigen kostenlos Ihre Installation<\/strong> und k\u00fcmmern uns in Zukunft mit unserem <strong>Sorglos-Dienst<\/strong> um Ihre WordPress Installation:<\/span><\/p>\n<\/div><div class=\"fusion-sep-clear\"><\/div><div class=\"fusion-separator fusion-full-width-sep sep-none\" style=\"margin-left: auto;margin-right: auto;margin-top:70px;\"><\/div><ul class=\"fusion-checklist fusion-checklist-1\" style=\"font-size:24px;line-height:40.8px;\"><li class=\"fusion-li-item\"><span style=\"background-color:#03a9f4;font-size:21.12px;height:40.8px;width:40.8px;margin-right:16.8px;\" class=\"icon-wrapper circle-yes\"><i class=\"fusion-li-icon  fa fa-check\" style=\"color:#ffffff;\"><\/i><\/span><div class=\"fusion-li-item-content\" style=\"margin-left:57.6px;\">\n<h3 style=\"color: #fff;\">Durchf\u00fchrung von Updates<\/h3>\n<\/div><\/li><li class=\"fusion-li-item\"><span style=\"background-color:#03a9f4;font-size:21.12px;height:40.8px;width:40.8px;margin-right:16.8px;\" class=\"icon-wrapper circle-yes\"><i class=\"fusion-li-icon  fa fa-check\" style=\"color:#ffffff;\"><\/i><\/span><div class=\"fusion-li-item-content\" style=\"margin-left:57.6px;\">\n<h3 style=\"color: #fff;\">Sicherheits\u00fcberwachung der Installation<\/h3>\n<\/div><\/li><li class=\"fusion-li-item\"><span style=\"background-color:#03a9f4;font-size:21.12px;height:40.8px;width:40.8px;margin-right:16.8px;\" class=\"icon-wrapper circle-yes\"><i class=\"fusion-li-icon  fa fa-check\" style=\"color:#ffffff;\"><\/i><\/span><div class=\"fusion-li-item-content\" style=\"margin-left:57.6px;\">\n<h3 style=\"color: #fff;\">Schnelles WordPress Hosting in der Schweiz<\/h3>\n<\/div><\/li><li class=\"fusion-li-item\"><span style=\"background-color:#03a9f4;font-size:21.12px;height:40.8px;width:40.8px;margin-right:16.8px;\" class=\"icon-wrapper circle-yes\"><i class=\"fusion-li-icon  fa fa-check\" style=\"color:#ffffff;\"><\/i><\/span><div class=\"fusion-li-item-content\" style=\"margin-left:57.6px;\">\n<h3 style=\"color: #fff;\">Schweizer WordPress Support<\/h3>\n<\/div><\/li><\/ul><div class=\"fusion-clearfix\"><\/div>\n\n\t\t\t\t\t<\/div>\n\t\t\t\t<\/div><div  class=\"fusion-layout-column fusion_builder_column fusion_builder_column_1_5 fusion-builder-column-3 fusion-one-fifth fusion-column-last fusion-column-no-min-height 1_5\"  style='margin-top:0px;margin-bottom:0px;width:16.8%'>\n\t\t\t\t\t<div class=\"fusion-column-wrapper\" style=\"padding: 0px 0px 0px 0px;background-position:left top;background-repeat:no-repeat;-webkit-background-size:cover;-moz-background-size:cover;-o-background-size:cover;background-size:cover;\"   data-bg-url=\"\">\n\t\t\t\t\t\t<div class=\"fusion-sep-clear\"><\/div><div class=\"fusion-separator fusion-full-width-sep sep-none\" style=\"margin-left: auto;margin-right: auto;margin-top:;\"><\/div><div class=\"fusion-clearfix\"><\/div>\n\n\t\t\t\t\t<\/div>\n\t\t\t\t<\/div><\/div><\/div><div class=\"fusion-fullwidth fullwidth-box nonhundred-percent-fullwidth non-hundred-percent-height-scrolling\"  style='background-color: #646488;background-position: center center;background-repeat: no-repeat;padding-top:120px;padding-right:0px;padding-bottom:180px;padding-left:0px;border-top-width:0px;border-bottom-width:0px;border-color:#eae9e9;border-top-style:solid;border-bottom-style:solid;'><div class=\"fusion-builder-row fusion-row \"><div  class=\"fusion-layout-column fusion_builder_column fusion_builder_column_1_1 fusion-builder-column-4 fusion-one-full fusion-column-first fusion-column-last fusion-column-no-min-height 1_1\"  style='margin-top:0px;margin-bottom:0px;'>\n\t\t\t\t\t<div class=\"fusion-column-wrapper\" style=\"padding: 0px 0px 0px 0px;background-position:left top;background-repeat:no-repeat;-webkit-background-size:cover;-moz-background-size:cover;-o-background-size:cover;background-size:cover;\"   data-bg-url=\"\">\n\t\t\t\t\t\t<div class=\"fusion-text\"><h3 style=\"text-align: center;\"><span style=\"color: #ffffff;\">Ja, bitte s\u00e4ubern Sie so schnell wie m\u00f6glich<br \/>\nmeine WordPress Installation und pflegen Sie in Zukunft<br \/>\nmeine Website mit dem <a style=\"color: #fff;\" href=\"\/\">Sorglos Abo f\u00fcr Fr. 49.50 \/ monatlich<\/a><\/span><\/h3>\n<\/div><div class=\"fusion-sep-clear\"><\/div><div class=\"fusion-separator fusion-full-width-sep sep-none\" style=\"margin-left: auto;margin-right: auto;margin-top:70px;\"><\/div><div class=\"fusion-text\">\n<div class=\"wpcf7 no-js\" id=\"wpcf7-f1095-o1\" lang=\"de-DE\" dir=\"ltr\">\n<div class=\"screen-reader-response\"><p role=\"status\" aria-live=\"polite\" aria-atomic=\"true\"><\/p> <ul><\/ul><\/div>\n<form action=\"\/en-us\/wp-json\/wp\/v2\/pages\/1079#wpcf7-f1095-o1\" method=\"post\" class=\"wpcf7-form init\" aria-label=\"Kontaktformular\" novalidate=\"novalidate\" data-status=\"init\">\n<div style=\"display: none;\">\n<input type=\"hidden\" name=\"_wpcf7\" value=\"1095\" \/>\n<input type=\"hidden\" name=\"_wpcf7_version\" value=\"5.9.8\" \/>\n<input type=\"hidden\" name=\"_wpcf7_locale\" value=\"de_DE\" \/>\n<input type=\"hidden\" name=\"_wpcf7_unit_tag\" value=\"wpcf7-f1095-o1\" \/>\n<input type=\"hidden\" name=\"_wpcf7_container_post\" value=\"0\" \/>\n<input type=\"hidden\" name=\"_wpcf7_posted_data_hash\" value=\"\" \/>\n<\/div>\n<p><label> Dein Name<br \/>\n<span class=\"wpcf7-form-control-wrap\" data-name=\"your-name\"><input size=\"40\" maxlength=\"400\" class=\"wpcf7-form-control wpcf7-text wpcf7-validates-as-required\" aria-required=\"true\" aria-invalid=\"false\" value=\"\" type=\"text\" name=\"your-name\" \/><\/span> <\/label>\n<\/p>\n<p><label> Deine E-Mail-Adresse<br \/>\n<span class=\"wpcf7-form-control-wrap\" data-name=\"your-email\"><input size=\"40\" maxlength=\"400\" class=\"wpcf7-form-control wpcf7-email wpcf7-validates-as-required wpcf7-text wpcf7-validates-as-email\" aria-required=\"true\" aria-invalid=\"false\" value=\"\" type=\"email\" name=\"your-email\" \/><\/span> <\/label>\n<\/p>\n<p><label> Betreff<br \/>\n<span class=\"wpcf7-form-control-wrap\" data-name=\"your-subject\"><input size=\"40\" maxlength=\"400\" class=\"wpcf7-form-control wpcf7-text wpcf7-validates-as-required\" aria-required=\"true\" aria-invalid=\"false\" value=\"\" type=\"text\" name=\"your-subject\" \/><\/span> <\/label>\n<\/p>\n<p><label> Deine Nachricht (optional)<br \/>\n<span class=\"wpcf7-form-control-wrap\" data-name=\"your-message\"><textarea cols=\"40\" rows=\"10\" maxlength=\"2000\" class=\"wpcf7-form-control wpcf7-textarea\" aria-invalid=\"false\" name=\"your-message\"><\/textarea><\/span> <\/label>\n<\/p>\n<p><input class=\"wpcf7-form-control wpcf7-submit has-spinner\" type=\"submit\" value=\"Senden\" \/>\n<\/p><div class=\"fusion-alert alert custom alert-custom fusion-alert-center fusion-alert-capitalize alert-dismissable wpcf7-response-output\" style=\"border-width:1px;\"><button style=\"color:;border-color:;\" type=\"button\" class=\"close toggle-alert\" data-dismiss=\"alert\" aria-hidden=\"true\">&times;<\/button><div class=\"fusion-alert-content-wrapper\"><span class=\"fusion-alert-content\"><\/span><\/div><\/div>\n<\/form>\n<\/div>\n\n<\/div><div class=\"fusion-clearfix\"><\/div>\n\n\t\t\t\t\t<\/div>\n\t\t\t\t<\/div><\/div><\/div><div class=\"fusion-fullwidth fullwidth-box nonhundred-percent-fullwidth non-hundred-percent-height-scrolling\"  style='background-color: #505769;background-position: center center;background-repeat: no-repeat;padding-top:120px;padding-right:0px;padding-bottom:50px;padding-left:0px;border-top-width:0px;border-bottom-width:0px;border-color:#eae9e9;border-top-style:solid;border-bottom-style:solid;'><div class=\"fusion-builder-row fusion-row \"><div  class=\"fusion-layout-column fusion_builder_column fusion_builder_column_1_1 fusion-builder-column-5 fusion-one-full fusion-column-first fusion-column-last fusion-column-no-min-height 1_1\"  style='margin-top:0px;margin-bottom:0px;'>\n\t\t\t\t\t<div class=\"fusion-column-wrapper\" style=\"padding: 0px 0px 0px 0px;background-position:left top;background-repeat:no-repeat;-webkit-background-size:cover;-moz-background-size:cover;-o-background-size:cover;background-size:cover;\"   data-bg-url=\"\">\n\t\t\t\t\t\t<div class=\"fusion-text\"><h2 style=\"text-align: center;\"><span style=\"color: #ffffff;\">Warum wurde meine WordPress Website gehackt?!<\/span><\/h2>\n<p style=\"text-align: center; font-size: 22px; line-height: 30px;\"><span style=\"color: #ffffff;\">WordPress ist das mit Abstand beliebteste Content Management System der Welt. Durch die weite Verbreitung ist WordPress ein ideales Ziel f\u00fcr Hacker. Diese Hacker nutzen einerseits Schwachstellen und Fehler im WordPress Code aus, welche in der Regel bereits offiziell kommuniziert wurden und f\u00fcr diese es sofort Sicherheitsupdates gibt. Anderseits versuchen Hacker gezielt schwache Administratoren-Passw\u00f6rter mit Brute-Force Attacken herauszufinden, um Administrationsrechte f\u00fcr das WordPress Backend zu erhalten. <\/span><\/p>\n<\/div><div class=\"fusion-sep-clear\"><\/div><div class=\"fusion-separator fusion-full-width-sep sep-none\" style=\"margin-left: auto;margin-right: auto;margin-top:70px;\"><\/div><div class=\"fusion-text\"><h2 style=\"text-align: center;\"><span style=\"color: #ffffff;\">Wie kann ich mich relativ einfach vor WordPress Hacks sch\u00fctzen?!<\/span><\/h2>\n<\/div><ul class=\"fusion-checklist fusion-checklist-2\" style=\"font-size:24px;line-height:40.8px;\"><li class=\"fusion-li-item\"><span style=\"background-color:#03a9f4;font-size:21.12px;height:40.8px;width:40.8px;margin-right:16.8px;\" class=\"icon-wrapper circle-yes\"><i class=\"fusion-li-icon  fa fa-check\" style=\"color:#ffffff;\"><\/i><\/span><div class=\"fusion-li-item-content\" style=\"margin-left:57.6px;\">\n<h3 style=\"color: #fff;\">Regelm\u00e4ssige Durchf\u00fchrung von WordPress Core, Theme und Plugin Updates<\/h3>\n<p>Dadurch werden \u00f6ffentlich bekannt gewordene L\u00f6cher, welche die Hacker ausnutzen sofort gestoppt. Wichtig dabei ist anschliessend zu \u00fcberpr\u00fcfen, ob das ganze System und vor allem vitale Funktionen noch fehlerfrei funktionieren. Bei gr\u00f6sseren und wichtigen Systemen empfehlen wir eine Checkliste zu erstellen und anhand dieser periodisch eine Funktionskontrolle durchzuf\u00fchren.<\/div><\/li><li class=\"fusion-li-item\"><span style=\"background-color:#03a9f4;font-size:21.12px;height:40.8px;width:40.8px;margin-right:16.8px;\" class=\"icon-wrapper circle-yes\"><i class=\"fusion-li-icon  fa fa-check\" style=\"color:#ffffff;\"><\/i><\/span><div class=\"fusion-li-item-content\" style=\"margin-left:57.6px;\">\n<h3 style=\"color: #fff;\">Verwendung Sicherer Passw\u00f6rter<\/h3>\n<p>W\u00e4hlen Sie ein sicheres Passwort, welches mindestens eine Zahl, einen Grosstuchstaben, mehrere Kleinbuchsten und ein Sonderzeichen enth\u00e4lt und mindestens 8 Zeichen lang ist. Die Sicherheit erh\u00f6hen k\u00f6nnen Sie zudem, indem der Admin-User nicht &#8222;Admin&#8220; heisst und den Domainnamen im Namen nicht enth\u00e4lt!<\/div><\/li><li class=\"fusion-li-item\"><span style=\"background-color:#03a9f4;font-size:21.12px;height:40.8px;width:40.8px;margin-right:16.8px;\" class=\"icon-wrapper circle-yes\"><i class=\"fusion-li-icon  fa fa-check\" style=\"color:#ffffff;\"><\/i><\/span><div class=\"fusion-li-item-content\" style=\"margin-left:57.6px;\">\n<h3 style=\"color: #fff;\">Reduktion der Angriffsfl\u00e4che<\/h3>\n<p>Deaktivieren und l\u00f6schen Sie nicht ben\u00f6tigte Plugins und WordPress Themes. Dadurch wird die Angriffsfl\u00e4che und der Pflegeaufwand f\u00fcr Ihre WordPress Website reduziert!<\/div><\/li><li class=\"fusion-li-item\"><span style=\"background-color:#03a9f4;font-size:21.12px;height:40.8px;width:40.8px;margin-right:16.8px;\" class=\"icon-wrapper circle-yes\"><i class=\"fusion-li-icon  fa fa-check\" style=\"color:#ffffff;\"><\/i><\/span><div class=\"fusion-li-item-content\" style=\"margin-left:57.6px;\">\n<h3 style=\"color: #fff;\">Schweizer WordPress Support<\/h3>\n<\/div><\/li><\/ul><div class=\"fusion-clearfix\"><\/div>\n\n\t\t\t\t\t<\/div>\n\t\t\t\t<\/div><\/div><\/div><\/p>\n","protected":false},"excerpt":{"rendered":"","protected":false},"author":3,"featured_media":0,"parent":0,"menu_order":0,"comment_status":"closed","ping_status":"closed","template":"100-width.php","meta":{"footnotes":""},"yoast_head":"<!-- This site is optimized with the Yoast SEO plugin v24.5 - https:\/\/yoast.com\/wordpress\/plugins\/seo\/ -->\n<title>WordPress gehackt? Wir bereinigen kostenlos Ihre Website!<\/title>\n<meta name=\"description\" content=\"Wir bereinigen kostenlos Ihre gehackte WordPress Website und k\u00fcmmern uns in mit unserem Sorglos-Paket um Ihre Installation. WordPress gehackt war gestern!\" \/>\n<meta name=\"robots\" content=\"index, follow, max-snippet:-1, max-image-preview:large, max-video-preview:-1\" \/>\n<link rel=\"canonical\" href=\"https:\/\/wpclinic.ch\/en-us\/wordpress-gehackt\/\" \/>\n<meta property=\"og:locale\" content=\"de_DE\" \/>\n<meta property=\"og:type\" content=\"article\" \/>\n<meta property=\"og:title\" content=\"WordPress gehackt? Wir bereinigen kostenlos Ihre Website!\" \/>\n<meta property=\"og:description\" content=\"Wir bereinigen kostenlos Ihre gehackte WordPress Website und k\u00fcmmern uns in mit unserem Sorglos-Paket um Ihre Installation. WordPress gehackt war gestern!\" \/>\n<meta property=\"og:url\" content=\"https:\/\/wpclinic.ch\/en-us\/wordpress-gehackt\/\" \/>\n<meta property=\"og:site_name\" content=\"wpclinic.ch - WordPress Support\" \/>\n<meta property=\"article:modified_time\" content=\"2019-10-23T10:46:07+00:00\" \/>\n<meta name=\"twitter:card\" content=\"summary_large_image\" \/>\n<meta name=\"twitter:label1\" content=\"Gesch\u00e4tzte Lesezeit\" \/>\n\t<meta name=\"twitter:data1\" content=\"6\u00a0Minuten\" \/>\n<script type=\"application\/ld+json\" class=\"yoast-schema-graph\">{\"@context\":\"https:\/\/schema.org\",\"@graph\":[{\"@type\":\"WebPage\",\"@id\":\"https:\/\/wpclinic.ch\/en-us\/wordpress-gehackt\/\",\"url\":\"https:\/\/wpclinic.ch\/en-us\/wordpress-gehackt\/\",\"name\":\"WordPress gehackt? Wir bereinigen kostenlos Ihre Website!\",\"isPartOf\":{\"@id\":\"https:\/\/wpclinic.ch\/en-us\/#website\"},\"datePublished\":\"2019-09-15T08:37:26+00:00\",\"dateModified\":\"2019-10-23T10:46:07+00:00\",\"description\":\"Wir bereinigen kostenlos Ihre gehackte WordPress Website und k\u00fcmmern uns in mit unserem Sorglos-Paket um Ihre Installation. WordPress gehackt war gestern!\",\"breadcrumb\":{\"@id\":\"https:\/\/wpclinic.ch\/en-us\/wordpress-gehackt\/#breadcrumb\"},\"inLanguage\":\"de\",\"potentialAction\":[{\"@type\":\"ReadAction\",\"target\":[\"https:\/\/wpclinic.ch\/en-us\/wordpress-gehackt\/\"]}]},{\"@type\":\"BreadcrumbList\",\"@id\":\"https:\/\/wpclinic.ch\/en-us\/wordpress-gehackt\/#breadcrumb\",\"itemListElement\":[{\"@type\":\"ListItem\",\"position\":1,\"name\":\"Startseite\",\"item\":\"https:\/\/wpclinic.ch\/en-us\/\"},{\"@type\":\"ListItem\",\"position\":2,\"name\":\"Ihre WordPress Webseite wurde gehackt?\"}]},{\"@type\":\"WebSite\",\"@id\":\"https:\/\/wpclinic.ch\/en-us\/#website\",\"url\":\"https:\/\/wpclinic.ch\/en-us\/\",\"name\":\"wpclinic.ch - WordPress Support\",\"description\":\"Schweizer WordPress Support\",\"potentialAction\":[{\"@type\":\"SearchAction\",\"target\":{\"@type\":\"EntryPoint\",\"urlTemplate\":\"https:\/\/wpclinic.ch\/en-us\/?s={search_term_string}\"},\"query-input\":{\"@type\":\"PropertyValueSpecification\",\"valueRequired\":true,\"valueName\":\"search_term_string\"}}],\"inLanguage\":\"de\"}]}<\/script>\n<!-- \/ Yoast SEO plugin. -->","yoast_head_json":{"title":"WordPress gehackt? Wir bereinigen kostenlos Ihre Website!","description":"Wir bereinigen kostenlos Ihre gehackte WordPress Website und k\u00fcmmern uns in mit unserem Sorglos-Paket um Ihre Installation. WordPress gehackt war gestern!","robots":{"index":"index","follow":"follow","max-snippet":"max-snippet:-1","max-image-preview":"max-image-preview:large","max-video-preview":"max-video-preview:-1"},"canonical":"https:\/\/wpclinic.ch\/en-us\/wordpress-gehackt\/","og_locale":"de_DE","og_type":"article","og_title":"WordPress gehackt? Wir bereinigen kostenlos Ihre Website!","og_description":"Wir bereinigen kostenlos Ihre gehackte WordPress Website und k\u00fcmmern uns in mit unserem Sorglos-Paket um Ihre Installation. WordPress gehackt war gestern!","og_url":"https:\/\/wpclinic.ch\/en-us\/wordpress-gehackt\/","og_site_name":"wpclinic.ch - WordPress Support","article_modified_time":"2019-10-23T10:46:07+00:00","twitter_card":"summary_large_image","twitter_misc":{"Gesch\u00e4tzte Lesezeit":"6\u00a0Minuten"},"schema":{"@context":"https:\/\/schema.org","@graph":[{"@type":"WebPage","@id":"https:\/\/wpclinic.ch\/en-us\/wordpress-gehackt\/","url":"https:\/\/wpclinic.ch\/en-us\/wordpress-gehackt\/","name":"WordPress gehackt? Wir bereinigen kostenlos Ihre Website!","isPartOf":{"@id":"https:\/\/wpclinic.ch\/en-us\/#website"},"datePublished":"2019-09-15T08:37:26+00:00","dateModified":"2019-10-23T10:46:07+00:00","description":"Wir bereinigen kostenlos Ihre gehackte WordPress Website und k\u00fcmmern uns in mit unserem Sorglos-Paket um Ihre Installation. WordPress gehackt war gestern!","breadcrumb":{"@id":"https:\/\/wpclinic.ch\/en-us\/wordpress-gehackt\/#breadcrumb"},"inLanguage":"de","potentialAction":[{"@type":"ReadAction","target":["https:\/\/wpclinic.ch\/en-us\/wordpress-gehackt\/"]}]},{"@type":"BreadcrumbList","@id":"https:\/\/wpclinic.ch\/en-us\/wordpress-gehackt\/#breadcrumb","itemListElement":[{"@type":"ListItem","position":1,"name":"Startseite","item":"https:\/\/wpclinic.ch\/en-us\/"},{"@type":"ListItem","position":2,"name":"Ihre WordPress Webseite wurde gehackt?"}]},{"@type":"WebSite","@id":"https:\/\/wpclinic.ch\/en-us\/#website","url":"https:\/\/wpclinic.ch\/en-us\/","name":"wpclinic.ch - WordPress Support","description":"Schweizer WordPress Support","potentialAction":[{"@type":"SearchAction","target":{"@type":"EntryPoint","urlTemplate":"https:\/\/wpclinic.ch\/en-us\/?s={search_term_string}"},"query-input":{"@type":"PropertyValueSpecification","valueRequired":true,"valueName":"search_term_string"}}],"inLanguage":"de"}]}},"_links":{"self":[{"href":"https:\/\/wpclinic.ch\/en-us\/wp-json\/wp\/v2\/pages\/1079"}],"collection":[{"href":"https:\/\/wpclinic.ch\/en-us\/wp-json\/wp\/v2\/pages"}],"about":[{"href":"https:\/\/wpclinic.ch\/en-us\/wp-json\/wp\/v2\/types\/page"}],"author":[{"embeddable":true,"href":"https:\/\/wpclinic.ch\/en-us\/wp-json\/wp\/v2\/users\/3"}],"replies":[{"embeddable":true,"href":"https:\/\/wpclinic.ch\/en-us\/wp-json\/wp\/v2\/comments?post=1079"}],"version-history":[{"count":10,"href":"https:\/\/wpclinic.ch\/en-us\/wp-json\/wp\/v2\/pages\/1079\/revisions"}],"predecessor-version":[{"id":1092,"href":"https:\/\/wpclinic.ch\/en-us\/wp-json\/wp\/v2\/pages\/1079\/revisions\/1092"}],"wp:attachment":[{"href":"https:\/\/wpclinic.ch\/en-us\/wp-json\/wp\/v2\/media?parent=1079"}],"curies":[{"name":"wp","href":"https:\/\/api.w.org\/{rel}","templated":true}]}}