{"id":13,"date":"2015-02-17T18:08:48","date_gmt":"2015-02-17T18:08:48","guid":{"rendered":"http:\/\/avada.theme-fusion.com_demos\/hosting\/?page_id=13"},"modified":"2020-01-24T09:32:47","modified_gmt":"2020-01-24T09:32:47","slug":"hosting-support","status":"publish","type":"page","link":"https:\/\/wpclinic.ch\/en-us\/","title":{"rendered":"Unser Angebot"},"content":{"rendered":"<p><div class=\"fusion-bg-parallax\"  data-bg-align=\"right bottom\" data-direction=\"right\" data-mute=\"false\" data-opacity=\"100\" data-velocity=\"-0.5\" data-mobile-enabled=\"false\" data-break_parents=\"0\" data-bg-image=\"https:\/\/wpclinic.ch\/wp-content\/uploads\/2015\/02\/bg_top.png\" data-bg-repeat=\"false\" data-bg-color=\"rgba(255,255,255,0)\" data-bg-height=\"\" data-bg-width=\"\"><\/div><div class=\"fusion-fullwidth fullwidth-box fusion-parallax-right nonhundred-percent-fullwidth non-hundred-percent-height-scrolling\"  style='background-color: rgba(255,255,255,0);background-image: url(\"https:\/\/wpclinic.ch\/wp-content\/uploads\/2015\/02\/bg_top.png\");background-position: right bottom;background-repeat: no-repeat;padding-top:150px;padding-right:0px;padding-bottom:150px;padding-left:0px;border-top-width:0px;border-bottom-width:0px;border-color:#eae9e9;border-top-style:solid;border-bottom-style:solid;-webkit-background-size:cover;-moz-background-size:cover;-o-background-size:cover;background-size:cover;'><div class=\"fusion-builder-row fusion-row \"><div  class=\"fusion-layout-column fusion_builder_column fusion_builder_column_1_1 fusion-builder-column-1 fusion-one-full fusion-column-first fusion-column-last fusion-column-no-min-height 1_1\"  style='margin-top:0px;margin-bottom:0px;'>\n\t\t\t\t\t<div class=\"fusion-column-wrapper\" style=\"padding: 0px 0px 0px 0px;background-position:left top;background-repeat:no-repeat;-webkit-background-size:cover;-moz-background-size:cover;-o-background-size:cover;background-size:cover;\"   data-bg-url=\"\">\n\t\t\t\t\t\t<div class=\"fusion-text\"><h2 style=\"text-align: center; color: #fff;\">Unser Sorglos-Abo f\u00fcr Fr. 49.50 pro Monat<\/h2>\n<\/div><div class=\"fusion-sep-clear\"><\/div><div class=\"fusion-separator fusion-full-width-sep sep-none\" style=\"margin-left: auto;margin-right: auto;margin-top:60px;\"><\/div><div class=\"fusion-clearfix\"><\/div>\n\n\t\t\t\t\t<\/div>\n\t\t\t\t<\/div><div  class=\"fusion-layout-column fusion_builder_column fusion_builder_column_1_6 fusion-builder-column-2 fusion-one-sixth fusion-column-first fusion-blend-mode fix-header-size 1_6\"  style='margin-top:0px;margin-bottom:20px;width:13.3333%; margin-right: 4%;'>\n\t\t\t\t\t<div class=\"fusion-column-wrapper\" style=\"background-color:rgba(241,240,236,0);padding: 12% 12% 12% 12%;background-position:left top;background-repeat:no-repeat;-webkit-background-size:cover;-moz-background-size:cover;-o-background-size:cover;background-size:cover;\"   data-bg-url=\"\">\n\t\t\t\t\t\t<div class=\"fusion-clearfix\"><\/div>\n\n\t\t\t\t\t<\/div>\n\t\t\t\t<\/div><div  class=\"fusion-layout-column fusion_builder_column fusion_builder_column_2_3 fusion-builder-column-3 fusion-two-third fusion-blend-mode fix-header-size 2_3\"  style='margin-top:0px;margin-bottom:20px;width:65.3333%; margin-right: 4%;'>\n\t\t\t\t\t<div class=\"fusion-column-wrapper\" style=\"background-color:#f1f0ec;padding: 12% 12% 12% 12%;background-position:left top;background-repeat:no-repeat;-webkit-background-size:cover;-moz-background-size:cover;-o-background-size:cover;background-size:cover;\"   data-bg-url=\"\">\n\t\t\t\t\t\t<div class=\"fusion-sep-clear\"><\/div><div class=\"fusion-separator fusion-full-width-sep sep-none\" style=\"margin-left: auto;margin-right: auto;margin-top:40px;\"><\/div><div class=\"fusion-text\"><h2 style=\"text-align: center;\"><span style=\"color: #505769;\">WORDPRESS SORGLOS ABO<\/span><\/h2>\n<\/div><div class=\"fusion-sep-clear\"><\/div><div class=\"fusion-separator fusion-full-width-sep sep-none\" style=\"margin-left: auto;margin-right: auto;margin-top:15px;\"><\/div><div class=\"fusion-text\"><p style=\"text-align: center;\"><span style=\"color: #505769; font-size: 62px;\">CHF 49.50\/Monat<\/span><\/p>\n<p style=\"text-align: center; font-size: 30px;color: #505769;\">Schnelles WordPress Hosting Schweiz, inkl. CDN und t\u00e4gliches Offsite-Backup<\/p>\n<p style=\"text-align: center; font-size: 30px;color: #505769;\">24\/7 Sicherheits\u00fcberwachung der Installation<\/p>\n<p style=\"text-align: center; font-size: 30px;color: #505769;\">Pflege und Updates der WordPress Installation (Core, Plugins und Theme)<\/p>\n<p style=\"text-align: center; font-size: 30px;color: #505769;\">Fixing bei Hacks<\/p>\n<p style=\"text-align: center; font-size: 30px;color: #505769;\">Deutschsprachiger WordPress Support zum g\u00fcnstigen Stundentarif<\/p>\n<p style=\"text-align: center; font-size: 30px;color: #505769;\">E-Mail Ticketing<\/p>\n<p style=\"text-align: center; font-size: 30px;color: #505769;\"><span style=\"color: #505769; font-size: 16px; line-height: 35px;\"><br \/>\n<\/span><\/p>\n<\/div><div class=\"fusion-sep-clear\"><\/div><div class=\"fusion-separator fusion-full-width-sep sep-none\" style=\"margin-left: auto;margin-right: auto;margin-top:20px;\"><\/div><div class=\"fusion-button-wrapper fusion-aligncenter\"><style type=\"text\/css\" scoped=\"scoped\">.fusion-button.button-1 .fusion-button-text, .fusion-button.button-1 i {color:#ffffff;}.fusion-button.button-1 {border-width:0px;border-color:#ffffff;}.fusion-button.button-1 .fusion-button-icon-divider{border-color:#ffffff;}.fusion-button.button-1:hover .fusion-button-text, .fusion-button.button-1:hover i,.fusion-button.button-1:focus .fusion-button-text, .fusion-button.button-1:focus i,.fusion-button.button-1:active .fusion-button-text, .fusion-button.button-1:active{color:#ffffff;}.fusion-button.button-1:hover, .fusion-button.button-1:focus, .fusion-button.button-1:active{border-width:0px;border-color:#ffffff;}.fusion-button.button-1:hover .fusion-button-icon-divider, .fusion-button.button-1:hover .fusion-button-icon-divider, .fusion-button.button-1:active .fusion-button-icon-divider{border-color:#ffffff;}.fusion-button.button-1{width:auto;}<\/style><a class=\"fusion-button button-flat fusion-button-round button-xlarge button-default button-1\" target=\"_self\" href=\"https:\/\/wpclinic.ch\/kontakt\/\"><span class=\"fusion-button-text\">JETZT BESTELLEN!<\/span><\/a><\/div><div class=\"fusion-sep-clear\"><\/div><div class=\"fusion-separator fusion-full-width-sep sep-none\" style=\"margin-left: auto;margin-right: auto;margin-top:40px;\"><\/div><div class=\"fusion-clearfix\"><\/div>\n\n\t\t\t\t\t<\/div>\n\t\t\t\t<\/div><div  class=\"fusion-layout-column fusion_builder_column fusion_builder_column_1_6 fusion-builder-column-4 fusion-one-sixth fusion-column-last fusion-blend-mode fix-header-size 1_6\"  style='margin-top:0px;margin-bottom:20px;width:13.3333%'>\n\t\t\t\t\t<div class=\"fusion-column-wrapper\" style=\"background-color:rgba(241,240,236,0);padding: 12% 12% 12% 12%;background-position:left top;background-repeat:no-repeat;-webkit-background-size:cover;-moz-background-size:cover;-o-background-size:cover;background-size:cover;\"   data-bg-url=\"\">\n\t\t\t\t\t\t<div class=\"fusion-clearfix\"><\/div>\n\n\t\t\t\t\t<\/div>\n\t\t\t\t<\/div><\/div><\/div><div class=\"fusion-fullwidth fullwidth-box nonhundred-percent-fullwidth non-hundred-percent-height-scrolling\"  style='background-color: #239df2;background-position: left top;background-repeat: no-repeat;padding-top:110px;padding-right:0px;padding-bottom:90px;padding-left:0px;border-top-width:0px;border-bottom-width:0px;border-color:#eae9e9;border-top-style:solid;border-bottom-style:solid;'><div class=\"fusion-builder-row fusion-row \"><div  class=\"fusion-layout-column fusion_builder_column fusion_builder_column_1_1 fusion-builder-column-5 fusion-one-full fusion-column-first fusion-column-last fusion-column-no-min-height 1_1\"  style='margin-top:0px;margin-bottom:0px;'>\n\t\t\t\t\t<div class=\"fusion-column-wrapper\" style=\"padding: 0px 0px 0px 0px;background-position:left top;background-repeat:no-repeat;-webkit-background-size:cover;-moz-background-size:cover;-o-background-size:cover;background-size:cover;\"   data-bg-url=\"\">\n\t\t\t\t\t\t<div class=\"fusion-text\"><h2 style=\"text-align: center; color: #fff;\">Wir lieben WordPress<\/h2>\n<p style=\"text-align: center; color: #fff; font-size: 22px; line-height: 30px;\">und bieten in der Schweiz eine sorglos WordPress Betreuung an<\/p>\n<\/div><div class=\"fusion-sep-clear\"><\/div><div class=\"fusion-separator fusion-full-width-sep sep-none\" style=\"margin-left: auto;margin-right: auto;margin-top:40px;\"><\/div><div class=\"fusion-clearfix\"><\/div>\n\n\t\t\t\t\t<\/div>\n\t\t\t\t<\/div><div  class=\"fusion-layout-column fusion_builder_column fusion_builder_column_1_4 fusion-builder-column-6 fusion-one-fourth fusion-column-first 1_4\"  style='margin-top:0px;margin-bottom:20px;width:22%; margin-right: 4%;'>\n\t\t\t\t\t<div class=\"fusion-column-wrapper\" style=\"padding: 0px 0px 0px 0px;background-position:left top;background-repeat:no-repeat;-webkit-background-size:cover;-moz-background-size:cover;-o-background-size:cover;background-size:cover;\"   data-bg-url=\"\">\n\t\t\t\t\t\t<div class=\"fusion-counters-circle counters-circle\"><div class=\"counter-circle-wrapper\" style=\"height:220px;width:220px;line-height:220px;\" data-originalsize=\"220\"><div class=\"fusion-counter-circle counter-circle counter-circle-content\" data-percent=\"100\" data-countdown=\"\" data-filledcolor=\"#ffffff\" data-unfilledcolor=\"rgba(255,255,255,0)\" data-scale=\"\" data-size=\"220\" data-speed=\"1500\" data-strokesize=\"11\" style=\"font-size:50px;height:220px;width:220px;line-height:220px;\"><div class=\"fusion-fa-align-center\"><i class=\"fontawesome-icon  fa fa-cloud circle-no\" style=\"font-size:55px;color:#505769;\"><\/i><\/div> <\/div><\/div><\/div><div class=\"fusion-text\"><h3 style=\"text-align: center; color: #fff;\">Hosting<br \/>\nund Backup<\/h3>\n<\/div><div class=\"fusion-sep-clear\"><\/div><div class=\"fusion-separator sep-single sep-solid\" style=\"border-color:rgba(000,000,000,.3);border-top-width:1px;margin-left: auto;margin-right: auto;margin-top:5px;margin-bottom:25px;width:100%;max-width:120px;\"><\/div><div class=\"fusion-text\"><p><strong style=\"color:#fff;\">WordPress Hosting in der Schweiz<\/strong><\/p>\n<p style=\"color:#fff;\">Unsere WordPress Server befinden sich in einem der modernsten Rechenzentren der Schweiz und sind f\u00fcr die Verwendung von WordPress optimiert. Wir sichern Ihre Website-Daten t\u00e4glich ausserhalb unseres Rechenzentrum!\u00a0<strong>Verlieren Sie keine Daten.<\/strong><\/p>\n<\/div><div class=\"fusion-clearfix\"><\/div>\n\n\t\t\t\t\t<\/div>\n\t\t\t\t<\/div><div  class=\"fusion-layout-column fusion_builder_column fusion_builder_column_1_4 fusion-builder-column-7 fusion-one-fourth 1_4\"  style='margin-top:0px;margin-bottom:20px;width:22%; margin-right: 4%;'>\n\t\t\t\t\t<div class=\"fusion-column-wrapper\" style=\"padding: 0px 0px 0px 0px;background-position:left top;background-repeat:no-repeat;-webkit-background-size:cover;-moz-background-size:cover;-o-background-size:cover;background-size:cover;\"   data-bg-url=\"\">\n\t\t\t\t\t\t<div class=\"fusion-counters-circle counters-circle\"><div class=\"counter-circle-wrapper\" style=\"height:220px;width:220px;line-height:220px;\" data-originalsize=\"220\"><div class=\"fusion-counter-circle counter-circle counter-circle-content\" data-percent=\"100\" data-countdown=\"\" data-filledcolor=\"#ffffff\" data-unfilledcolor=\"rgba(255,255,255,0)\" data-scale=\"\" data-size=\"220\" data-speed=\"1500\" data-strokesize=\"11\" style=\"font-size:50px;height:220px;width:220px;line-height:220px;\"><div class=\"fusion-fa-align-center\"><i class=\"fontawesome-icon  fa fa-wrench circle-no\" style=\"font-size:55px;color:#505769;\"><\/i><\/div> <\/div><\/div><\/div><div class=\"fusion-text\"><h3 style=\"text-align: center; color: #fff;\">Update<br \/>\nService<\/h3>\n<\/div><div class=\"fusion-sep-clear\"><\/div><div class=\"fusion-separator sep-single sep-solid\" style=\"border-color:rgba(000,000,000,.3);border-top-width:1px;margin-left: auto;margin-right: auto;margin-top:5px;margin-bottom:25px;width:100%;max-width:120px;\"><\/div><div class=\"fusion-text\"><p><strong style=\"color:#fff;\">WordPress Update Service<\/strong><\/p>\n<p style=\"color:#fff;\">Fast t\u00e4glich gibt es in einer mittleren WordPress Installation Updates! Wir f\u00fchren diese Updates f\u00fcr Sie duch, damit Ihre Seite immer auf dem neusten Stand ist.\u00a0<strong>Geben Sie Hacker keine Chance<\/strong><\/p>\n<\/div><div class=\"fusion-clearfix\"><\/div>\n\n\t\t\t\t\t<\/div>\n\t\t\t\t<\/div><div  class=\"fusion-layout-column fusion_builder_column fusion_builder_column_1_4 fusion-builder-column-8 fusion-one-fourth 1_4\"  style='margin-top:0px;margin-bottom:20px;width:22%; margin-right: 4%;'>\n\t\t\t\t\t<div class=\"fusion-column-wrapper\" style=\"padding: 0px 0px 0px 0px;background-position:left top;background-repeat:no-repeat;-webkit-background-size:cover;-moz-background-size:cover;-o-background-size:cover;background-size:cover;\"   data-bg-url=\"\">\n\t\t\t\t\t\t<div class=\"fusion-counters-circle counters-circle\"><div class=\"counter-circle-wrapper\" style=\"height:220px;width:220px;line-height:220px;\" data-originalsize=\"220\"><div class=\"fusion-counter-circle counter-circle counter-circle-content\" data-percent=\"100\" data-countdown=\"\" data-filledcolor=\"#ffffff\" data-unfilledcolor=\"rgba(255,255,255,0)\" data-scale=\"\" data-size=\"220\" data-speed=\"1500\" data-strokesize=\"11\" style=\"font-size:50px;height:220px;width:220px;line-height:220px;\"><div class=\"fusion-fa-align-center\"><i class=\"fontawesome-icon  fa fa-lock circle-no\" style=\"font-size:55px;color:#505769;\"><\/i><\/div> <\/div><\/div><\/div><div class=\"fusion-text\"><h3 style=\"text-align: center; color: #fff;\">\u00dcberwachung &amp; Alerting<\/h3>\n<\/div><div class=\"fusion-sep-clear\"><\/div><div class=\"fusion-separator sep-single sep-solid\" style=\"border-color:rgba(000,000,000,.3);border-top-width:1px;margin-left: auto;margin-right: auto;margin-top:5px;margin-bottom:25px;width:100%;max-width:120px;\"><\/div><div class=\"fusion-text\"><p><strong style=\"color:#fff;\">24\/7 WordPress Sicherheits\u00fcberwachung<\/strong><\/p>\n<p style=\"color:#fff;\">Hacker sind \u00fcberall. Wir \u00fcberwachen und Sch\u00fctzen Ihre WordPress Website gegen Malware und sonstige Attacken.\u00a0<strong>Sichern Sie Ihre WordPress Website<\/strong><\/p>\n<\/div><div class=\"fusion-clearfix\"><\/div>\n\n\t\t\t\t\t<\/div>\n\t\t\t\t<\/div><div  class=\"fusion-layout-column fusion_builder_column fusion_builder_column_1_4 fusion-builder-column-9 fusion-one-fourth fusion-column-last 1_4\"  style='margin-top:0px;margin-bottom:20px;width:22%'>\n\t\t\t\t\t<div class=\"fusion-column-wrapper\" style=\"padding: 0px 0px 0px 0px;background-position:left top;background-repeat:no-repeat;-webkit-background-size:cover;-moz-background-size:cover;-o-background-size:cover;background-size:cover;\"   data-bg-url=\"\">\n\t\t\t\t\t\t<div class=\"fusion-counters-circle counters-circle\"><div class=\"counter-circle-wrapper\" style=\"height:220px;width:220px;line-height:220px;\" data-originalsize=\"220\"><div class=\"fusion-counter-circle counter-circle counter-circle-content\" data-percent=\"100\" data-countdown=\"\" data-filledcolor=\"#ffffff\" data-unfilledcolor=\"rgba(255,255,255,0)\" data-scale=\"\" data-size=\"220\" data-speed=\"1500\" data-strokesize=\"11\" style=\"font-size:50px;height:220px;width:220px;line-height:220px;\"><div class=\"fusion-fa-align-center\"><i class=\"fontawesome-icon  fa fa-rocket circle-no\" style=\"font-size:55px;color:#505769;\"><\/i><\/div> <\/div><\/div><\/div><div class=\"fusion-text\"><h3 style=\"text-align: center; color: #fff;\">Performance Optimierung<\/h3>\n<\/div><div class=\"fusion-sep-clear\"><\/div><div class=\"fusion-separator sep-single sep-solid\" style=\"border-color:rgba(000,000,000,.3);border-top-width:1px;margin-left: auto;margin-right: auto;margin-top:5px;margin-bottom:25px;width:100%;max-width:120px;\"><\/div><div class=\"fusion-text\"><p><strong style=\"color:#fff;\">WordPress Performance Optimierung<\/strong><\/p>\n<p style=\"color:#fff;\">Langsame Seiten frustrierern nicht nur Besucher, sondern f\u00fchren zu einer tieferen Bewertung bei Google. Wir optimieren Ihre Website, sodass diese schnell und effizient l\u00e4uft!\u00a0<strong>Wir verbessern Ihre Website-Performance<\/strong><\/p>\n<\/div><div class=\"fusion-clearfix\"><\/div>\n\n\t\t\t\t\t<\/div>\n\t\t\t\t<\/div><\/div><\/div><\/p>\n","protected":false},"excerpt":{"rendered":"","protected":false},"author":1,"featured_media":0,"parent":0,"menu_order":0,"comment_status":"closed","ping_status":"closed","template":"100-width.php","meta":{"footnotes":""},"yoast_head":"<!-- This site is optimized with the Yoast SEO plugin v24.5 - https:\/\/yoast.com\/wordpress\/plugins\/seo\/ -->\n<title>WordPress Support Schweiz - wpclinic.ch<\/title>\n<meta name=\"robots\" content=\"index, follow, max-snippet:-1, max-image-preview:large, max-video-preview:-1\" \/>\n<link rel=\"canonical\" href=\"https:\/\/wpclinic.ch\/en-us\/\" \/>\n<meta property=\"og:locale\" content=\"de_DE\" \/>\n<meta property=\"og:type\" content=\"article\" \/>\n<meta property=\"og:title\" content=\"WordPress Support Schweiz - wpclinic.ch\" \/>\n<meta property=\"og:url\" content=\"https:\/\/wpclinic.ch\/en-us\/\" \/>\n<meta property=\"og:site_name\" content=\"wpclinic.ch - WordPress Support\" \/>\n<meta property=\"article:modified_time\" content=\"2020-01-24T09:32:47+00:00\" \/>\n<meta name=\"twitter:card\" content=\"summary_large_image\" \/>\n<meta name=\"twitter:label1\" content=\"Gesch\u00e4tzte Lesezeit\" \/>\n\t<meta name=\"twitter:data1\" content=\"8\u00a0Minuten\" \/>\n<script type=\"application\/ld+json\" class=\"yoast-schema-graph\">{\"@context\":\"https:\/\/schema.org\",\"@graph\":[{\"@type\":\"WebPage\",\"@id\":\"https:\/\/wpclinic.ch\/en-us\/\",\"url\":\"https:\/\/wpclinic.ch\/en-us\/\",\"name\":\"WordPress Support Schweiz - wpclinic.ch\",\"isPartOf\":{\"@id\":\"https:\/\/wpclinic.ch\/en-us\/#website\"},\"datePublished\":\"2015-02-17T18:08:48+00:00\",\"dateModified\":\"2020-01-24T09:32:47+00:00\",\"breadcrumb\":{\"@id\":\"https:\/\/wpclinic.ch\/en-us\/#breadcrumb\"},\"inLanguage\":\"de\",\"potentialAction\":[{\"@type\":\"ReadAction\",\"target\":[\"https:\/\/wpclinic.ch\/en-us\/\"]}]},{\"@type\":\"BreadcrumbList\",\"@id\":\"https:\/\/wpclinic.ch\/en-us\/#breadcrumb\",\"itemListElement\":[{\"@type\":\"ListItem\",\"position\":1,\"name\":\"Startseite\",\"item\":\"https:\/\/wpclinic.ch\/en-us\/\"},{\"@type\":\"ListItem\",\"position\":2,\"name\":\"Unser Angebot\"}]},{\"@type\":\"WebSite\",\"@id\":\"https:\/\/wpclinic.ch\/en-us\/#website\",\"url\":\"https:\/\/wpclinic.ch\/en-us\/\",\"name\":\"wpclinic.ch - WordPress Support\",\"description\":\"Schweizer WordPress Support\",\"potentialAction\":[{\"@type\":\"SearchAction\",\"target\":{\"@type\":\"EntryPoint\",\"urlTemplate\":\"https:\/\/wpclinic.ch\/en-us\/?s={search_term_string}\"},\"query-input\":{\"@type\":\"PropertyValueSpecification\",\"valueRequired\":true,\"valueName\":\"search_term_string\"}}],\"inLanguage\":\"de\"}]}<\/script>\n<!-- \/ Yoast SEO plugin. -->","yoast_head_json":{"title":"WordPress Support Schweiz - wpclinic.ch","robots":{"index":"index","follow":"follow","max-snippet":"max-snippet:-1","max-image-preview":"max-image-preview:large","max-video-preview":"max-video-preview:-1"},"canonical":"https:\/\/wpclinic.ch\/en-us\/","og_locale":"de_DE","og_type":"article","og_title":"WordPress Support Schweiz - wpclinic.ch","og_url":"https:\/\/wpclinic.ch\/en-us\/","og_site_name":"wpclinic.ch - WordPress Support","article_modified_time":"2020-01-24T09:32:47+00:00","twitter_card":"summary_large_image","twitter_misc":{"Gesch\u00e4tzte Lesezeit":"8\u00a0Minuten"},"schema":{"@context":"https:\/\/schema.org","@graph":[{"@type":"WebPage","@id":"https:\/\/wpclinic.ch\/en-us\/","url":"https:\/\/wpclinic.ch\/en-us\/","name":"WordPress Support Schweiz - wpclinic.ch","isPartOf":{"@id":"https:\/\/wpclinic.ch\/en-us\/#website"},"datePublished":"2015-02-17T18:08:48+00:00","dateModified":"2020-01-24T09:32:47+00:00","breadcrumb":{"@id":"https:\/\/wpclinic.ch\/en-us\/#breadcrumb"},"inLanguage":"de","potentialAction":[{"@type":"ReadAction","target":["https:\/\/wpclinic.ch\/en-us\/"]}]},{"@type":"BreadcrumbList","@id":"https:\/\/wpclinic.ch\/en-us\/#breadcrumb","itemListElement":[{"@type":"ListItem","position":1,"name":"Startseite","item":"https:\/\/wpclinic.ch\/en-us\/"},{"@type":"ListItem","position":2,"name":"Unser Angebot"}]},{"@type":"WebSite","@id":"https:\/\/wpclinic.ch\/en-us\/#website","url":"https:\/\/wpclinic.ch\/en-us\/","name":"wpclinic.ch - WordPress Support","description":"Schweizer WordPress Support","potentialAction":[{"@type":"SearchAction","target":{"@type":"EntryPoint","urlTemplate":"https:\/\/wpclinic.ch\/en-us\/?s={search_term_string}"},"query-input":{"@type":"PropertyValueSpecification","valueRequired":true,"valueName":"search_term_string"}}],"inLanguage":"de"}]}},"_links":{"self":[{"href":"https:\/\/wpclinic.ch\/en-us\/wp-json\/wp\/v2\/pages\/13"}],"collection":[{"href":"https:\/\/wpclinic.ch\/en-us\/wp-json\/wp\/v2\/pages"}],"about":[{"href":"https:\/\/wpclinic.ch\/en-us\/wp-json\/wp\/v2\/types\/page"}],"author":[{"embeddable":true,"href":"https:\/\/wpclinic.ch\/en-us\/wp-json\/wp\/v2\/users\/1"}],"replies":[{"embeddable":true,"href":"https:\/\/wpclinic.ch\/en-us\/wp-json\/wp\/v2\/comments?post=13"}],"version-history":[{"count":45,"href":"https:\/\/wpclinic.ch\/en-us\/wp-json\/wp\/v2\/pages\/13\/revisions"}],"predecessor-version":[{"id":1094,"href":"https:\/\/wpclinic.ch\/en-us\/wp-json\/wp\/v2\/pages\/13\/revisions\/1094"}],"wp:attachment":[{"href":"https:\/\/wpclinic.ch\/en-us\/wp-json\/wp\/v2\/media?parent=13"}],"curies":[{"name":"wp","href":"https:\/\/api.w.org\/{rel}","templated":true}]}}